{"id":3011,"date":"2020-05-26T13:45:51","date_gmt":"2020-05-26T05:45:51","guid":{"rendered":"https:\/\/deptweb.cycu.edu.tw\/mpn\/?page_id=3011"},"modified":"2020-05-26T13:46:13","modified_gmt":"2020-05-26T05:46:13","slug":"%e5%84%80%e5%99%a8%e4%bd%bf%e7%94%a8%e6%9a%a8%e7%ae%a1%e7%90%86%e8%be%a6%e6%b3%95","status":"publish","type":"page","link":"https:\/\/deptweb.cycu.edu.tw\/mpn\/%e5%9c%96%e5%84%80%e8%a8%ad%e5%82%99\/%e5%84%80%e5%99%a8%e4%bd%bf%e7%94%a8%e6%9a%a8%e7%ae%a1%e7%90%86%e8%be%a6%e6%b3%95\/","title":{"rendered":"\u5100\u5668\u4f7f\u7528\u66a8\u7ba1\u7406\u8fa6\u6cd5"},"content":{"rendered":"\t\t<div data-elementor-type=\"wp-page\" data-elementor-id=\"3011\" class=\"elementor elementor-3011\">\n\t\t\t\t\t\t<section class=\"elementor-section elementor-top-section elementor-element elementor-element-adb509d elementor-section-boxed elementor-section-height-default elementor-section-height-default\" data-id=\"adb509d\" data-element_type=\"section\">\n\t\t\t\t\t\t<div class=\"elementor-container elementor-column-gap-default\">\n\t\t\t\t\t<div class=\"elementor-column elementor-col-100 elementor-top-column elementor-element elementor-element-09aeb65\" data-id=\"09aeb65\" data-element_type=\"column\">\n\t\t\t<div class=\"elementor-widget-wrap elementor-element-populated\">\n\t\t\t\t\t\t<div class=\"elementor-element elementor-element-d888d0f elementor-widget elementor-widget-shortcode\" data-id=\"d888d0f\" data-element_type=\"widget\" data-widget_type=\"shortcode.default\">\n\t\t\t\t<div class=\"elementor-widget-container\">\n\t\t\t\t\t<div class=\"elementor-shortcode\">        <div class=\"breadcrumb-container theme1\">\n            <ol>\n            <li><a title=\"\u9996\u9801\" href=\"#\"><span>\u9996\u9801<\/span><\/a><span class=\"separator\">\u00bb<\/span><\/li>\n            <\/ol>    <script type=\"application\/ld+json\">\n        {\n            \"@context\": \"http:\/\/schema.org\",\n            \"@type\": \"BreadcrumbList\",\n            \"itemListElement\": [\n                 {\n                            \"@type\": \"ListItem\",\n                            \"position\": 1,\n                            \"item\": {\n                                \"@id\": \"#\",\n                                \"name\": \"\u9996\u9801\"\n                            }\n                        }\n                                                    ]\n        }\n    <\/script>\n    <style type=\"text\/css\">\n        .breadcrumb-container {\n            font-size: 13px;\n        }\n        .breadcrumb-container ul {\n            margin: 0;\n            padding: 0;\n        }\n        .breadcrumb-container li {\n            box-sizing: unset;\n            display: inline-block;\n            margin: 0;\n            padding: 0;\n        }\n        .breadcrumb-container li a {\n            box-sizing: unset;\n            padding: 0 10px;\n        }\n        .breadcrumb-container {\n            font-size: 15px !important;\n            padding: 0px;\n            margin: 0px;\n        }\n        .breadcrumb-container li a {\n            color: #a5a5a5 !important;\n            font-size: 15px !important;\n            line-height: 15px !important;\n        }\n        .breadcrumb-container li .separator {\n            color: #727272 !important;\n            font-size: 15px !important;\n        }\n        .breadcrumb-container li:last-child .separator {\n            display: none;\n        }\n    <\/style>\n    <style type=\"text\/css\">\n        .breadcrumb-container.theme1 li {\n            margin: 0;\n            padding: 0;\n        }\n        .breadcrumb-container.theme1 a {\n            background: ;\n            display: inline-block;\n            margin: 0 5px;\n            padding: 5px 10px;\n            text-decoration: none;\n        }\n    <\/style>\n        <style type=\"text\/css\">\n        .breadcrumb-container{}\r\n.breadcrumb-container ul{}\r\n.breadcrumb-container li{}\r\n.breadcrumb-container a{}\r\n.breadcrumb-container .separator{}\r\n    <\/style>\n    <script>\n            <\/script>\n        <\/div>\n        <\/div>\n\t\t\t\t<\/div>\n\t\t\t\t<\/div>\n\t\t\t\t\t<\/div>\n\t\t<\/div>\n\t\t\t\t\t<\/div>\n\t\t<\/section>\n\t\t\t\t<section class=\"elementor-section elementor-top-section elementor-element elementor-element-fc55bc2 elementor-section-boxed elementor-section-height-default elementor-section-height-default\" data-id=\"fc55bc2\" data-element_type=\"section\">\n\t\t\t\t\t\t<div class=\"elementor-container elementor-column-gap-default\">\n\t\t\t\t\t<div class=\"elementor-column elementor-col-100 elementor-top-column elementor-element elementor-element-ea52454\" data-id=\"ea52454\" data-element_type=\"column\">\n\t\t\t<div class=\"elementor-widget-wrap elementor-element-populated\">\n\t\t\t\t\t\t<div class=\"elementor-element elementor-element-8fae70e elementor-widget elementor-widget-text-editor\" data-id=\"8fae70e\" data-element_type=\"widget\" data-widget_type=\"text-editor.default\">\n\t\t\t\t<div class=\"elementor-widget-container\">\n\t\t\t\t\t\t\t<p style=\"font-weight: 400;\"><strong>\u4e2d\u539f\u5927\u5b78\u5948\u7c73\u79d1\u6280\u4e2d\u5fc3\u5100\u5668\u4f7f\u7528\u66a8\u7ba1\u7406\u8fa6\u6cd5<\/strong><\/p><p style=\"font-weight: 400;\">\u7b2c39\u6b21\u4e2d\u5fc3\u6703\u8b70\u901a\u904e<\/p><table style=\"font-weight: 400;\" width=\"100%\"><tbody><tr><td><table width=\"100%\"><tbody><tr><td width=\"4%\"><p>1.<\/p><\/td><td width=\"96%\"><p>\u70ba\u4f7f\u5948\u7c73\u79d1\u6280\u4e2d\u5fc3\uff08\u4ee5\u4e0b\u7c21\u7a31\u4e2d\u5fc3\uff09\u5100\u5668\u5145\u5206\u4f7f\u7528\uff0c\u7279\u5b9a\u8a02\u672c\u8fa6\u6cd5\u3002<\/p><\/td><\/tr><tr><td><p>2.<\/p><\/td><td><p>\u4e2d\u5fc3\u6240\u5c6c\u5100\u5668\u8a2d\u5099\u5206\u70ba\u00a0<u>A<strong>\u3001\u5171\u540c\u5be6\u9a57\u8a2d\u5099<\/strong><\/u>\u00a0\u53ca\u00a0<u>B<strong>\u3001\u975e\u5171\u540c\u5be6\u9a57\u8a2d\u5099<\/strong><\/u>\u00a0\u5169\u985e\u3002(\u53c3\u95b1\u5099\u8a3b\u5206\u985e)<\/p><\/td><\/tr><tr><td><p>3.<\/p><\/td><td><p>\u4e2d\u5fc3\u5171\u540c\u5be6\u9a57\u8a2d\u5099\u4ee5\u4e2d\u5fc3\u6210\u54e1\u5b78\u8853\u7814\u7a76\u70ba\u4e3b\uff0c\u5c0d\u5916\u670d\u52d9\u70ba\u8f14\u3002<\/p><\/td><\/tr><tr><td><p>4.<\/p><\/td><td><p>\u6bcf\u500b\u5171\u540c\u5be6\u9a57\u8a2d\u5099\u7686\u9808\u914d\u6709\u4e00\u4f4dOP\u8ca0\u8cac\u8a2d\u5099\u4e4b\u8a13\u7df4\u3001\u9810\u7d04\u3001\u7dad\u8b77\u2026\u7b49\u76f8\u95dc\u5de5\u4f5c\u3002<\/p><\/td><\/tr><tr><td><p>5.<\/p><\/td><td><p>\u672a\u7d93\u8a2d\u5099\u4fdd\u7ba1\u4eba\u6216\u4e2d\u5fc3\u4e3b\u4efb\u5141\u8a31\uff0c\u56b4\u7981\u5e36\u9818\u4e0d\u76f8\u5e72\u4eba\u54e1\u9032\u5165\u653e\u7f6e\u5171\u540c\u5be6\u9a57\u8a2d\u5099\u4e4b\u7a7a\u9593\u3002<\/p><\/td><\/tr><tr><td><p>6.<\/p><\/td><td><p>\u4e2d\u5fc3\u6240\u5c6c\u5100\u5668\u5f97\u8a02\u5b9a\u4f7f\u7528\u66a8\u7ba1\u7406\u7d30\u5247\uff0c\u898f\u7bc4\u958b\u653e\u6642\u9593\u3001\u6536\u8cbb\u6a19\u6e96\u3001\u4ee3\u8a13\u8cbb\u2026\u7b49\u76f8\u95dc\u898f\u5b9a\uff0c\u7d30\u5247\u9808\u7d93\u4e2d\u5fc3\u6703\u8b70\u540c\u610f\u5f8c\u5be6\u65bd\u3002<\/p><\/td><\/tr><tr><td><p>7.<\/p><\/td><td><p>\u4e2d\u5fc3\u5171\u540c\u5be6\u9a57\u8a2d\u5099\u4e4b\u958b\u653e\u7b49\u7d1a\u5206\u4ee5\u4e0b\u4e09\u985e\uff0c\u5982\u6709\u9055\u80cc\u76f8\u95dc\u8a2d\u5099\u958b\u653e\u7b49\u7d1a\u898f\u5b9a\u4e4b\u60c5\u4e8b\u767c\u751f\uff0c\u8a72\u5be6\u9a57\u5ba4\u8655\u4ee5\u505c\u7528\u8a72\u8a2d\u5099\u4e00\u500b\u6708\u7684\u8655\u7f70\uff1a<\/p><table width=\"95%\"><tbody><tr><td><p>A\u3001\u50c5\u5141\u8a31\u7d93OP\u8a13\u7df4\u53ca\u8003\u8a66\u53ca\u683c\u4e4b\u300c\u7a2e\u5b50\u4eba\u54e1\u300d\u64cd\u4f5c\u8a2d\u5099\u3002<br \/>B\u3001\u50c5\u5141\u8a31\u7d93\u7a2e\u5b50\u4eba\u54e1\u8a13\u7df4\u3001OP\u8003\u8a66\u53ca\u683c\u4e4b\u78a9\u58eb\u7d1a\u4ee5\u4e0a\u4eba\u54e1\u64cd\u4f5c\u8a2d\u5099\u3002<br \/>C\u3001\u50c5\u5141\u8a31\u7d93\u7a2e\u5b50\u4eba\u54e1\u8a13\u7df4\u3001OP\u8003\u8a66\u53ca\u683c\u4e4b\u5c08\u984c\u751f\u4ee5\u4e0a\u4eba\u54e1\u64cd\u4f5c\u8a2d\u5099\u3002<\/p><\/td><\/tr><\/tbody><\/table><\/td><\/tr><tr><td><p>8.<\/p><\/td><td><p>\u6240\u6709\u4e2d\u5fc3\u4ee5\u5916\u4e4b\u5b78\u8853\u754c\u3001\u516c\u5bb6\u55ae\u4f4d\u53ca\u7522\u696d\u754c\u4e4b\u59d4\u8a17\u6e2c\u8a66\u7686\u7531OP\u8ca0\u8cac\u59d4\u6e2c\uff0c\u4e26\u9700\u7de8\u5217OP\u4e4b\u4eba\u4e8b\u8cbb(\u4eba\u4e8b\u8cbb\u6bd4\u4f8b\u8acb\u53c3\u95b1\u5948\u7c73\u79d1\u6280\u4e2d\u5fc3\u5efa\u6559\u5408\u4f5c\u5be6\u65bd\u8fa6\u6cd5)\u3002<\/p><\/td><\/tr><tr><td><p>9.<\/p><\/td><td><p>\u4e2d\u5fc3\u5171\u540c\u5be6\u9a57\u8a2d\u5099\u4e4b\u4f7f\u7528\u8207\u64cd\u4f5c\u9808\u6309\u7167\u5404\u5100\u5668\u4e4b<strong><u>\u6a19\u6e96\u64cd\u4f5c\u7a0b\u5e8f<\/u><\/strong>\u3002<\/p><\/td><\/tr><tr><td><p>10.<\/p><\/td><td><p>\u672a\u4f9d\u7167\u898f\u5b9a\u81f3\u51fa\u7d0d\u7d44\u7e73\u4ea4\u4f7f\u7528\u8a2d\u5099\u8cbb\u7528\u4e4b\u5be6\u9a57\u5ba4\u9808\u5f85\u5b8c\u6210\u7e73\u8cbb\u5f8c\u65b9\u5f97\u7e7c\u7e8c\u4f7f\u7528\u8a72\u8a2d\u5099\u3002<\/p><\/td><\/tr><tr><td><p>11.<\/p><\/td><td><p>\u4e2d\u5fc3\u6240\u5c6c\u5100\u5668\u8a2d\u5099\u5982\u767c\u751f\u4eba\u70ba\u8017\u640d\uff0c\u9808\u7531\u64cd\u4f5c\u8005\u6240\u5c6c\u5be6\u9a57\u5ba4\u8ca0\u64d4\u81f3\u5c11\u4e00\u534a\u7684\u7dad\u4fee\u8cbb\u7528\u3002<\/p><\/td><\/tr><tr><td><p>12.<\/p><\/td><td><p>\u4e2d\u5fc3\u6240\u5c6c<strong><u>\u975e\u5171\u540c\u5be6\u9a57\u8a2d\u5099<\/u><\/strong>\u5728\u4e2d\u5fc3\u6210\u54e1\u5be6\u9a57\u5ba4\u767b\u8a18\u9810\u7d04\u4f7f\u7528\u7684\u60c5\u6cc1\u4e0b\uff0c\u5fc5\u9808\u65bc\u4e00\u661f\u671f\u4e4b\u4e2d\u958b\u653e\u4e00\u5929\u7d66\u4e88\u4e2d\u5fc3\u6210\u54e1\u4f7f\u7528\u3002<\/p><\/td><\/tr><tr><td><p>13.<\/p><\/td><td><p>\u4f7f\u7528\u672c\u4e2d\u5fc3\u6240\u5c6c\u5100\u5668\u8a2d\u5099\u6240\u767c\u8868\u4e4b\u516c\u958b\u58c1\u5831\u53ca\u8ad6\u6587\uff0c\u8acb\u5728author address\u6216acknowledgement\u4e2d\u6558\u8ff0\u4e4b\u3002<\/p><\/td><\/tr><tr><td><p>14.<\/p><\/td><td><p>\u672c\u8fa6\u6cd5\u4f9d\u9700\u8981\u5f97\u7d93\u4e2d\u5fc3\u6210\u54e1\u63d0\u6848\u4fee\u8a02\uff0c\u7d93\u4e2d\u5fc3\u6703\u8b70\u6c7a\u8b70\u5f8c\u516c\u544a\u5be6\u65bd\u3002<\/p><\/td><\/tr><\/tbody><\/table><p>\u00a0<\/p><p>\u3010\u8a3b1\u3011\uff1a\u5171\u540c\u5be6\u9a57\u8a2d\u5099\u76ee\u524d\u5305\u542b\u71b1\u5206\u6790\u7cfb\u5217\uff08DSC\u3001TGA\u3001DMA\u3001Hot Disk\uff09\u3001X-\u5149\u7c89\u672b\u7e5e\u5c04\u5100(XRD)\u3001\u8868\u9762\u7a4d\u53ca\u5b54\u6d1e\u5206\u6790\u5100(BET 92\u53ca95\uff09\u3001\u8584\u819c\u6c23\u9ad4\u7a7f\u900f\u5206\u6790\u5100(GPA)\u3001\u6c34\u9280\u6e2c\u5b54\u5100\u7b49\uff0c\u5176\u4ed6\u5247\u5c6c\u975e\u5171\u540c\u5be6\u9a57\u8a2d\u5099\u3002<\/p><p>\u3010\u8a3b2\u3011\uff1a\u81f3\u51fa\u7d0d\u7d44\u7e73\u4ea4\u8cbb\u7528\u6642\u8acb\u8b39\u9075\u7bc4\u4f8b\u6240\u793a<\/p><p>\u00a0<\/p><table width=\"90%\"><tbody><tr><td><p><u>\u4e2d \u539f \u5927 \u5b78 \u6536 \u6b3e \u6536 \u64da\u00a0<\/u>\u00a0\u00a0\u00a0\u00a0\u00a0\u00a0\u7b2c\u4e8c\u806f\uff1a\u7e73\u6b3e\u4eba\u6536\u57f7<br \/><br \/>\u4e2d \u83ef \u6c11 \u570b\u00a0\u00a0\u00a0\u00a0\u5e74\u00a0\u00a0\u00a0\u6708\u00a0\u00a0\u00a0\u65e5\u00a0\u00a0\u539f\u5927\u6703\u5b57\u7b2cNO\u00a0\u00a0\u00a0\u00a0\u00a0\u00a0\u00a0\u00a0\u00a0\u00a0\u00a0\u865f<\/p><table width=\"573\"><tbody><tr><td colspan=\"2\" width=\"130\"><p>\u7e73 \u6b3e \u4eba<\/p><\/td><td colspan=\"2\" width=\"143\"><p>\u6b3e\u00a0\u00a0\u9805\u00a0\u00a0\u540d\u00a0\u00a0\u7a31<\/p><\/td><td colspan=\"2\" width=\"156\"><p>\u91d1\u00a0\u00a0\u00a0\u984d<\/p><\/td><td colspan=\"2\" width=\"143\"><p>\u9644\u00a0\u00a0\u8a18<\/p><\/td><\/tr><tr><td colspan=\"2\" width=\"130\"><p><strong>\u00d7\u00d7\u00d7<\/strong><br \/><strong>\uff08\u4eba\u4e8b\u4ee3\u78bc\uff09<\/strong><\/p><\/td><td colspan=\"2\" width=\"143\"><p><strong>\u59d4\u8a17\u8a66\u9a57\u8cbb<\/strong><\/p><\/td><td colspan=\"2\" width=\"156\"><p><strong>\u00d7\u00d7\u00d7<\/strong><\/p><\/td><td colspan=\"2\" width=\"143\"><p><strong>3000HA002<\/strong><br \/><strong>5192<\/strong><\/p><\/td><\/tr><tr><td colspan=\"2\" width=\"130\"><p>\u91d1\u984d\uff08\u5927\u5beb\uff09<\/p><\/td><td colspan=\"6\" width=\"443\"><p>\u65b0\u53f0\u5e63\u00a0\u00a0\u00a0\u00a0\u00a0\u00a0\u4f70\u00a0\u00a0\u00a0\u00a0\u00a0\u00a0\u62fe\u00a0\u00a0\u00a0\u00a0\u00a0\u00a0\u842c\u00a0\u00a0\u00a0\u00a0\u00a0\u00a0\u4edf\u00a0\u00a0\u00a0\u00a0\u00a0\u00a0\u4f70\u00a0\u00a0\u00a0\u00a0\u00a0\u00a0\u62fe\u00a0\u00a0\u00a0\u00a0\u00a0\u5143\u6574<\/p><\/td><\/tr><tr><td width=\"78\"><p>\u7d93\u6536\u4eba<\/p><\/td><td width=\"52\"><p>\u00a0<\/p><\/td><td width=\"91\"><p>\u4e3b\u8fa6\u51fa\u7d0d<\/p><\/td><td width=\"52\"><p>\u00a0<\/p><\/td><td width=\"104\"><p>\u4e3b\u8fa6\u6703\u8a08<\/p><\/td><td width=\"52\"><p>\u00a0<\/p><\/td><td width=\"91\"><p>\u6a5f\u95dc\u9577\u5b98<\/p><\/td><td width=\"52\"><p>\u00a0<\/p><\/td><\/tr><tr><td width=\"78\">\u00a0<\/td><td width=\"52\">\u00a0<\/td><td width=\"91\">\u00a0<\/td><td width=\"52\">\u00a0<\/td><td width=\"104\">\u00a0<\/td><td width=\"52\">\u00a0<\/td><td width=\"91\">\u00a0<\/td><td width=\"52\">\u00a0<\/td><\/tr><\/tbody><\/table><\/td><\/tr><\/tbody><\/table><\/td><\/tr><\/tbody><\/table>\t\t\t\t\t\t<\/div>\n\t\t\t\t<\/div>\n\t\t\t\t\t<\/div>\n\t\t<\/div>\n\t\t\t\t\t<\/div>\n\t\t<\/section>\n\t\t\t\t<\/div>\n\t\t","protected":false},"excerpt":{"rendered":"<p>\u4e2d\u539f\u5927\u5b78\u5948\u7c73\u79d1\u6280\u4e2d\u5fc3\u5100\u5668\u4f7f\u7528\u66a8\u7ba1\u7406\u8fa6\u6cd5 \u7b2c39\u6b21\u4e2d\u5fc3\u6703\u8b70\u901a\u904e 1. \u70ba\u4f7f\u5948\u7c73\u79d1\u6280\u4e2d\u5fc3\uff08\u4ee5\u4e0b\u7c21\u7a31\u4e2d\u5fc3\uff09\u5100\u5668\u5145\u5206\u4f7f [&hellip;]<\/p>\n","protected":false},"author":1,"featured_media":0,"parent":3000,"menu_order":4,"comment_status":"closed","ping_status":"closed","template":"","meta":{"footnotes":""},"class_list":["post-3011","page","type-page","status-publish","hentry","entry"],"yoast_head":"<!-- This site is optimized with the Yoast SEO plugin v23.4 - https:\/\/yoast.com\/wordpress\/plugins\/seo\/ -->\n<title>\u5100\u5668\u4f7f\u7528\u66a8\u7ba1\u7406\u8fa6\u6cd5 - \u4e2d\u539f\u5927\u5b78\u5948\u7c73\u79d1\u6280\u78a9\u58eb\u5b78\u4f4d\u5b78\u7a0b<\/title>\n<meta name=\"robots\" content=\"index, follow, max-snippet:-1, max-image-preview:large, max-video-preview:-1\" \/>\n<link rel=\"canonical\" href=\"https:\/\/deptweb.cycu.edu.tw\/mpn\/\u5716\u5100\u8a2d\u5099\/\u5100\u5668\u4f7f\u7528\u66a8\u7ba1\u7406\u8fa6\u6cd5\/\" \/>\n<meta property=\"og:locale\" content=\"zh_TW\" \/>\n<meta property=\"og:type\" content=\"article\" \/>\n<meta property=\"og:title\" content=\"\u5100\u5668\u4f7f\u7528\u66a8\u7ba1\u7406\u8fa6\u6cd5 - \u4e2d\u539f\u5927\u5b78\u5948\u7c73\u79d1\u6280\u78a9\u58eb\u5b78\u4f4d\u5b78\u7a0b\" \/>\n<meta property=\"og:description\" content=\"\u4e2d\u539f\u5927\u5b78\u5948\u7c73\u79d1\u6280\u4e2d\u5fc3\u5100\u5668\u4f7f\u7528\u66a8\u7ba1\u7406\u8fa6\u6cd5 \u7b2c39\u6b21\u4e2d\u5fc3\u6703\u8b70\u901a\u904e 1. \u70ba\u4f7f\u5948\u7c73\u79d1\u6280\u4e2d\u5fc3\uff08\u4ee5\u4e0b\u7c21\u7a31\u4e2d\u5fc3\uff09\u5100\u5668\u5145\u5206\u4f7f [&hellip;]\" \/>\n<meta property=\"og:url\" content=\"https:\/\/deptweb.cycu.edu.tw\/mpn\/\u5716\u5100\u8a2d\u5099\/\u5100\u5668\u4f7f\u7528\u66a8\u7ba1\u7406\u8fa6\u6cd5\/\" \/>\n<meta property=\"og:site_name\" content=\"\u4e2d\u539f\u5927\u5b78\u5948\u7c73\u79d1\u6280\u78a9\u58eb\u5b78\u4f4d\u5b78\u7a0b\" \/>\n<meta property=\"article:modified_time\" content=\"2020-05-26T05:46:13+00:00\" \/>\n<meta name=\"twitter:card\" content=\"summary_large_image\" \/>\n<script type=\"application\/ld+json\" class=\"yoast-schema-graph\">{\"@context\":\"https:\/\/schema.org\",\"@graph\":[{\"@type\":\"WebPage\",\"@id\":\"https:\/\/deptweb.cycu.edu.tw\/mpn\/%e5%9c%96%e5%84%80%e8%a8%ad%e5%82%99\/%e5%84%80%e5%99%a8%e4%bd%bf%e7%94%a8%e6%9a%a8%e7%ae%a1%e7%90%86%e8%be%a6%e6%b3%95\/\",\"url\":\"https:\/\/deptweb.cycu.edu.tw\/mpn\/%e5%9c%96%e5%84%80%e8%a8%ad%e5%82%99\/%e5%84%80%e5%99%a8%e4%bd%bf%e7%94%a8%e6%9a%a8%e7%ae%a1%e7%90%86%e8%be%a6%e6%b3%95\/\",\"name\":\"\u5100\u5668\u4f7f\u7528\u66a8\u7ba1\u7406\u8fa6\u6cd5 - \u4e2d\u539f\u5927\u5b78\u5948\u7c73\u79d1\u6280\u78a9\u58eb\u5b78\u4f4d\u5b78\u7a0b\",\"isPartOf\":{\"@id\":\"https:\/\/deptweb.cycu.edu.tw\/mpn\/#website\"},\"datePublished\":\"2020-05-26T05:45:51+00:00\",\"dateModified\":\"2020-05-26T05:46:13+00:00\",\"breadcrumb\":{\"@id\":\"https:\/\/deptweb.cycu.edu.tw\/mpn\/%e5%9c%96%e5%84%80%e8%a8%ad%e5%82%99\/%e5%84%80%e5%99%a8%e4%bd%bf%e7%94%a8%e6%9a%a8%e7%ae%a1%e7%90%86%e8%be%a6%e6%b3%95\/#breadcrumb\"},\"inLanguage\":\"zh-TW\",\"potentialAction\":[{\"@type\":\"ReadAction\",\"target\":[\"https:\/\/deptweb.cycu.edu.tw\/mpn\/%e5%9c%96%e5%84%80%e8%a8%ad%e5%82%99\/%e5%84%80%e5%99%a8%e4%bd%bf%e7%94%a8%e6%9a%a8%e7%ae%a1%e7%90%86%e8%be%a6%e6%b3%95\/\"]}]},{\"@type\":\"BreadcrumbList\",\"@id\":\"https:\/\/deptweb.cycu.edu.tw\/mpn\/%e5%9c%96%e5%84%80%e8%a8%ad%e5%82%99\/%e5%84%80%e5%99%a8%e4%bd%bf%e7%94%a8%e6%9a%a8%e7%ae%a1%e7%90%86%e8%be%a6%e6%b3%95\/#breadcrumb\",\"itemListElement\":[{\"@type\":\"ListItem\",\"position\":1,\"name\":\"\u5716\u5100\u8a2d\u5099\",\"item\":\"https:\/\/deptweb.cycu.edu.tw\/mpn\/%e5%9c%96%e5%84%80%e8%a8%ad%e5%82%99\/\"},{\"@type\":\"ListItem\",\"position\":2,\"name\":\"\u5100\u5668\u4f7f\u7528\u66a8\u7ba1\u7406\u8fa6\u6cd5\"}]},{\"@type\":\"WebSite\",\"@id\":\"https:\/\/deptweb.cycu.edu.tw\/mpn\/#website\",\"url\":\"https:\/\/deptweb.cycu.edu.tw\/mpn\/\",\"name\":\"\u4e2d\u539f\u5927\u5b78\u5948\u7c73\u79d1\u6280\u78a9\u58eb\u5b78\u4f4d\u5b78\u7a0b\",\"description\":\"\u4e2d\u539f\u5927\u5b78\u5948\u7c73\u79d1\u6280\u78a9\u58eb\u5b78\u4f4d\u5b78\u7a0b\",\"potentialAction\":[{\"@type\":\"SearchAction\",\"target\":{\"@type\":\"EntryPoint\",\"urlTemplate\":\"https:\/\/deptweb.cycu.edu.tw\/mpn\/?s={search_term_string}\"},\"query-input\":{\"@type\":\"PropertyValueSpecification\",\"valueRequired\":true,\"valueName\":\"search_term_string\"}}],\"inLanguage\":\"zh-TW\"}]}<\/script>\n<!-- \/ Yoast SEO plugin. -->","yoast_head_json":{"title":"\u5100\u5668\u4f7f\u7528\u66a8\u7ba1\u7406\u8fa6\u6cd5 - \u4e2d\u539f\u5927\u5b78\u5948\u7c73\u79d1\u6280\u78a9\u58eb\u5b78\u4f4d\u5b78\u7a0b","robots":{"index":"index","follow":"follow","max-snippet":"max-snippet:-1","max-image-preview":"max-image-preview:large","max-video-preview":"max-video-preview:-1"},"canonical":"https:\/\/deptweb.cycu.edu.tw\/mpn\/\u5716\u5100\u8a2d\u5099\/\u5100\u5668\u4f7f\u7528\u66a8\u7ba1\u7406\u8fa6\u6cd5\/","og_locale":"zh_TW","og_type":"article","og_title":"\u5100\u5668\u4f7f\u7528\u66a8\u7ba1\u7406\u8fa6\u6cd5 - \u4e2d\u539f\u5927\u5b78\u5948\u7c73\u79d1\u6280\u78a9\u58eb\u5b78\u4f4d\u5b78\u7a0b","og_description":"\u4e2d\u539f\u5927\u5b78\u5948\u7c73\u79d1\u6280\u4e2d\u5fc3\u5100\u5668\u4f7f\u7528\u66a8\u7ba1\u7406\u8fa6\u6cd5 \u7b2c39\u6b21\u4e2d\u5fc3\u6703\u8b70\u901a\u904e 1. \u70ba\u4f7f\u5948\u7c73\u79d1\u6280\u4e2d\u5fc3\uff08\u4ee5\u4e0b\u7c21\u7a31\u4e2d\u5fc3\uff09\u5100\u5668\u5145\u5206\u4f7f [&hellip;]","og_url":"https:\/\/deptweb.cycu.edu.tw\/mpn\/\u5716\u5100\u8a2d\u5099\/\u5100\u5668\u4f7f\u7528\u66a8\u7ba1\u7406\u8fa6\u6cd5\/","og_site_name":"\u4e2d\u539f\u5927\u5b78\u5948\u7c73\u79d1\u6280\u78a9\u58eb\u5b78\u4f4d\u5b78\u7a0b","article_modified_time":"2020-05-26T05:46:13+00:00","twitter_card":"summary_large_image","schema":{"@context":"https:\/\/schema.org","@graph":[{"@type":"WebPage","@id":"https:\/\/deptweb.cycu.edu.tw\/mpn\/%e5%9c%96%e5%84%80%e8%a8%ad%e5%82%99\/%e5%84%80%e5%99%a8%e4%bd%bf%e7%94%a8%e6%9a%a8%e7%ae%a1%e7%90%86%e8%be%a6%e6%b3%95\/","url":"https:\/\/deptweb.cycu.edu.tw\/mpn\/%e5%9c%96%e5%84%80%e8%a8%ad%e5%82%99\/%e5%84%80%e5%99%a8%e4%bd%bf%e7%94%a8%e6%9a%a8%e7%ae%a1%e7%90%86%e8%be%a6%e6%b3%95\/","name":"\u5100\u5668\u4f7f\u7528\u66a8\u7ba1\u7406\u8fa6\u6cd5 - \u4e2d\u539f\u5927\u5b78\u5948\u7c73\u79d1\u6280\u78a9\u58eb\u5b78\u4f4d\u5b78\u7a0b","isPartOf":{"@id":"https:\/\/deptweb.cycu.edu.tw\/mpn\/#website"},"datePublished":"2020-05-26T05:45:51+00:00","dateModified":"2020-05-26T05:46:13+00:00","breadcrumb":{"@id":"https:\/\/deptweb.cycu.edu.tw\/mpn\/%e5%9c%96%e5%84%80%e8%a8%ad%e5%82%99\/%e5%84%80%e5%99%a8%e4%bd%bf%e7%94%a8%e6%9a%a8%e7%ae%a1%e7%90%86%e8%be%a6%e6%b3%95\/#breadcrumb"},"inLanguage":"zh-TW","potentialAction":[{"@type":"ReadAction","target":["https:\/\/deptweb.cycu.edu.tw\/mpn\/%e5%9c%96%e5%84%80%e8%a8%ad%e5%82%99\/%e5%84%80%e5%99%a8%e4%bd%bf%e7%94%a8%e6%9a%a8%e7%ae%a1%e7%90%86%e8%be%a6%e6%b3%95\/"]}]},{"@type":"BreadcrumbList","@id":"https:\/\/deptweb.cycu.edu.tw\/mpn\/%e5%9c%96%e5%84%80%e8%a8%ad%e5%82%99\/%e5%84%80%e5%99%a8%e4%bd%bf%e7%94%a8%e6%9a%a8%e7%ae%a1%e7%90%86%e8%be%a6%e6%b3%95\/#breadcrumb","itemListElement":[{"@type":"ListItem","position":1,"name":"\u5716\u5100\u8a2d\u5099","item":"https:\/\/deptweb.cycu.edu.tw\/mpn\/%e5%9c%96%e5%84%80%e8%a8%ad%e5%82%99\/"},{"@type":"ListItem","position":2,"name":"\u5100\u5668\u4f7f\u7528\u66a8\u7ba1\u7406\u8fa6\u6cd5"}]},{"@type":"WebSite","@id":"https:\/\/deptweb.cycu.edu.tw\/mpn\/#website","url":"https:\/\/deptweb.cycu.edu.tw\/mpn\/","name":"\u4e2d\u539f\u5927\u5b78\u5948\u7c73\u79d1\u6280\u78a9\u58eb\u5b78\u4f4d\u5b78\u7a0b","description":"\u4e2d\u539f\u5927\u5b78\u5948\u7c73\u79d1\u6280\u78a9\u58eb\u5b78\u4f4d\u5b78\u7a0b","potentialAction":[{"@type":"SearchAction","target":{"@type":"EntryPoint","urlTemplate":"https:\/\/deptweb.cycu.edu.tw\/mpn\/?s={search_term_string}"},"query-input":{"@type":"PropertyValueSpecification","valueRequired":true,"valueName":"search_term_string"}}],"inLanguage":"zh-TW"}]}},"_links":{"self":[{"href":"https:\/\/deptweb.cycu.edu.tw\/mpn\/wp-json\/wp\/v2\/pages\/3011"}],"collection":[{"href":"https:\/\/deptweb.cycu.edu.tw\/mpn\/wp-json\/wp\/v2\/pages"}],"about":[{"href":"https:\/\/deptweb.cycu.edu.tw\/mpn\/wp-json\/wp\/v2\/types\/page"}],"author":[{"embeddable":true,"href":"https:\/\/deptweb.cycu.edu.tw\/mpn\/wp-json\/wp\/v2\/users\/1"}],"replies":[{"embeddable":true,"href":"https:\/\/deptweb.cycu.edu.tw\/mpn\/wp-json\/wp\/v2\/comments?post=3011"}],"version-history":[{"count":2,"href":"https:\/\/deptweb.cycu.edu.tw\/mpn\/wp-json\/wp\/v2\/pages\/3011\/revisions"}],"predecessor-version":[{"id":3013,"href":"https:\/\/deptweb.cycu.edu.tw\/mpn\/wp-json\/wp\/v2\/pages\/3011\/revisions\/3013"}],"up":[{"embeddable":true,"href":"https:\/\/deptweb.cycu.edu.tw\/mpn\/wp-json\/wp\/v2\/pages\/3000"}],"wp:attachment":[{"href":"https:\/\/deptweb.cycu.edu.tw\/mpn\/wp-json\/wp\/v2\/media?parent=3011"}],"curies":[{"name":"wp","href":"https:\/\/api.w.org\/{rel}","templated":true}]}}