{"id":2607,"date":"2021-08-25T16:28:29","date_gmt":"2021-08-25T08:28:29","guid":{"rendered":"https:\/\/deptweb.cycu.edu.tw\/fs\/?page_id=2607"},"modified":"2023-03-25T10:17:19","modified_gmt":"2023-03-25T02:17:19","slug":"chair","status":"publish","type":"page","link":"https:\/\/deptweb.cycu.edu.tw\/fs\/en\/chair\/","title":{"rendered":"Chair"},"content":{"rendered":"\t\t<div data-elementor-type=\"wp-post\" data-elementor-id=\"2607\" class=\"elementor elementor-2607\" data-elementor-post-type=\"page\">\n\t\t\t\t\t\t<section class=\"elementor-section elementor-top-section elementor-element elementor-element-ae4e3db elementor-section-full_width elementor-section-height-min-height elementor-section-items-bottom elementor-section-stretched elementor-section-height-default\" data-id=\"ae4e3db\" data-element_type=\"section\" data-e-type=\"section\" data-settings=\"{&quot;background_background&quot;:&quot;classic&quot;,&quot;stretch_section&quot;:&quot;section-stretched&quot;}\">\n\t\t\t\t\t\t\t<div class=\"elementor-background-overlay\"><\/div>\n\t\t\t\t\t\t\t<div class=\"elementor-container elementor-column-gap-no\">\n\t\t\t\t\t<div class=\"elementor-column elementor-col-100 elementor-top-column elementor-element elementor-element-aa03c95\" data-id=\"aa03c95\" data-element_type=\"column\" data-e-type=\"column\">\n\t\t\t<div class=\"elementor-widget-wrap elementor-element-populated\">\n\t\t\t\t\t\t<div class=\"elementor-element elementor-element-72a128f elementor-widget elementor-widget-heading\" data-id=\"72a128f\" data-element_type=\"widget\" data-e-type=\"widget\" data-widget_type=\"heading.default\">\n\t\t\t\t<div class=\"elementor-widget-container\">\n\t\t\t\t\t<h2 class=\"elementor-heading-title elementor-size-large\">Chair<\/h2>\t\t\t\t<\/div>\n\t\t\t\t<\/div>\n\t\t\t\t\t<\/div>\n\t\t<\/div>\n\t\t\t\t\t<\/div>\n\t\t<\/section>\n\t\t\t\t<section class=\"elementor-section elementor-top-section elementor-element elementor-element-8954f1b elementor-section-boxed elementor-section-height-default elementor-section-height-default\" data-id=\"8954f1b\" data-element_type=\"section\" data-e-type=\"section\">\n\t\t\t\t\t\t<div class=\"elementor-container elementor-column-gap-default\">\n\t\t\t\t\t<div class=\"elementor-column elementor-col-100 elementor-top-column elementor-element elementor-element-c55593c elementor-hidden-phone\" data-id=\"c55593c\" data-element_type=\"column\" data-e-type=\"column\">\n\t\t\t<div class=\"elementor-widget-wrap elementor-element-populated\">\n\t\t\t\t\t\t<div class=\"elementor-element elementor-element-616645f elementor-nav-menu__align-center elementor-nav-menu--dropdown-none elementor-widget elementor-widget-nav-menu\" data-id=\"616645f\" data-element_type=\"widget\" data-e-type=\"widget\" data-settings=\"{&quot;layout&quot;:&quot;horizontal&quot;,&quot;submenu_icon&quot;:{&quot;value&quot;:&quot;&lt;i class=\\&quot;fas fa-caret-down\\&quot; aria-hidden=\\&quot;true\\&quot;&gt;&lt;\\\/i&gt;&quot;,&quot;library&quot;:&quot;fa-solid&quot;}}\" data-widget_type=\"nav-menu.default\">\n\t\t\t\t<div class=\"elementor-widget-container\">\n\t\t\t\t\t\t\t\t<nav aria-label=\"\u9078\u55ae\" class=\"elementor-nav-menu--main elementor-nav-menu__container elementor-nav-menu--layout-horizontal e--pointer-background e--animation-fade\">\n\t\t\t\t<ul id=\"menu-1-616645f\" class=\"elementor-nav-menu\"><li class=\"menu-item menu-item-type-custom menu-item-object-custom menu-item-5245\"><a href=\"https:\/\/deptweb.cycu.edu.tw\/fs\/en\/Chair\/\" class=\"elementor-item\">Chair<\/a><\/li>\n<li class=\"menu-item menu-item-type-custom menu-item-object-custom menu-item-5238\"><a href=\"https:\/\/deptweb.cycu.edu.tw\/fs\/en\/Full-time%20Professor\/\" class=\"elementor-item\">Full-time Professor<\/a><\/li>\n<li class=\"menu-item menu-item-type-custom menu-item-object-custom menu-item-5240\"><a href=\"https:\/\/deptweb.cycu.edu.tw\/fs\/Adjunct-Lecturer\/\" class=\"elementor-item\">Adjunct Lecturer<\/a><\/li>\n<li class=\"menu-item menu-item-type-custom menu-item-object-custom menu-item-5242\"><a href=\"https:\/\/deptweb.cycu.edu.tw\/fs\/en\/staff-mambers\/\" class=\"elementor-item\">Staff mambers<\/a><\/li>\n<\/ul>\t\t\t<\/nav>\n\t\t\t\t\t\t<nav class=\"elementor-nav-menu--dropdown elementor-nav-menu__container\" aria-hidden=\"true\">\n\t\t\t\t<ul id=\"menu-2-616645f\" class=\"elementor-nav-menu\"><li class=\"menu-item menu-item-type-custom menu-item-object-custom menu-item-5245\"><a href=\"https:\/\/deptweb.cycu.edu.tw\/fs\/en\/Chair\/\" class=\"elementor-item\" tabindex=\"-1\">Chair<\/a><\/li>\n<li class=\"menu-item menu-item-type-custom menu-item-object-custom menu-item-5238\"><a href=\"https:\/\/deptweb.cycu.edu.tw\/fs\/en\/Full-time%20Professor\/\" class=\"elementor-item\" tabindex=\"-1\">Full-time Professor<\/a><\/li>\n<li class=\"menu-item menu-item-type-custom menu-item-object-custom menu-item-5240\"><a href=\"https:\/\/deptweb.cycu.edu.tw\/fs\/Adjunct-Lecturer\/\" class=\"elementor-item\" tabindex=\"-1\">Adjunct Lecturer<\/a><\/li>\n<li class=\"menu-item menu-item-type-custom menu-item-object-custom menu-item-5242\"><a href=\"https:\/\/deptweb.cycu.edu.tw\/fs\/en\/staff-mambers\/\" class=\"elementor-item\" tabindex=\"-1\">Staff mambers<\/a><\/li>\n<\/ul>\t\t\t<\/nav>\n\t\t\t\t\t\t<\/div>\n\t\t\t\t<\/div>\n\t\t\t\t\t<\/div>\n\t\t<\/div>\n\t\t\t\t\t<\/div>\n\t\t<\/section>\n\t\t\t\t<section class=\"elementor-section elementor-top-section elementor-element elementor-element-46f5dff elementor-section-boxed elementor-section-height-default elementor-section-height-default\" data-id=\"46f5dff\" data-element_type=\"section\" data-e-type=\"section\">\n\t\t\t\t\t\t<div class=\"elementor-container elementor-column-gap-default\">\n\t\t\t\t\t<div class=\"elementor-column elementor-col-100 elementor-top-column elementor-element elementor-element-b3b8853\" data-id=\"b3b8853\" data-element_type=\"column\" data-e-type=\"column\">\n\t\t\t<div class=\"elementor-widget-wrap elementor-element-populated\">\n\t\t\t\t\t\t<div class=\"elementor-element elementor-element-7f1517c elementor-widget elementor-widget-heading\" data-id=\"7f1517c\" data-element_type=\"widget\" data-e-type=\"widget\" data-widget_type=\"heading.default\">\n\t\t\t\t<div class=\"elementor-widget-container\">\n\t\t\t\t\t<h2 class=\"elementor-heading-title elementor-size-default\">Li\u00e1ng j\u00f9n gu\u00e0n<\/h2>\t\t\t\t<\/div>\n\t\t\t\t<\/div>\n\t\t\t\t<div class=\"elementor-element elementor-element-91d8b7b elementor-widget elementor-widget-heading\" data-id=\"91d8b7b\" data-element_type=\"widget\" data-e-type=\"widget\" data-widget_type=\"heading.default\">\n\t\t\t\t<div class=\"elementor-widget-container\">\n\t\t\t\t\t<h2 class=\"elementor-heading-title elementor-size-default\">\u6881\u7ae3\u74d8<\/br>Chun-Kuan, Liang\n<\/h2>\t\t\t\t<\/div>\n\t\t\t\t<\/div>\n\t\t\t\t<div class=\"elementor-element elementor-element-e3d4c98 elementor-widget elementor-widget-text-editor\" data-id=\"e3d4c98\" data-element_type=\"widget\" data-e-type=\"widget\" data-widget_type=\"text-editor.default\">\n\t\t\t\t<div class=\"elementor-widget-container\">\n\t\t\t\t\t\t\t\t\t<p>Associate Professor<\/p><p><a href=\"mailto:liangck23@gmail.com\"> liangck23@gmail.com<\/a><\/p>\t\t\t\t\t\t\t\t<\/div>\n\t\t\t\t<\/div>\n\t\t\t\t<div class=\"elementor-element elementor-element-ffe2271 elementor-widget-divider--separator-type-pattern elementor-widget-divider--no-spacing elementor-widget-divider--view-line elementor-widget elementor-widget-divider\" data-id=\"ffe2271\" data-element_type=\"widget\" data-e-type=\"widget\" data-widget_type=\"divider.default\">\n\t\t\t\t<div class=\"elementor-widget-container\">\n\t\t\t\t\t\t\t<div class=\"elementor-divider\" style=\"--divider-pattern-url: url(&quot;data:image\/svg+xml,%3Csvg xmlns=&#039;http:\/\/www.w3.org\/2000\/svg&#039; preserveAspectRatio=&#039;xMidYMid meet&#039; overflow=&#039;visible&#039; height=&#039;100%&#039; viewBox=&#039;0 0 120 26&#039; fill=&#039;black&#039; stroke=&#039;none&#039;%3E%3Cpath d=&#039;M54,1.6V26h-9V2.5L54,1.6z M69,1.6v23.3L60,26V1.6H69z M24,1.6v23.5l-9-0.6V1.6H24z M30,0l9,0.7v24.5h-9V0z M9,2.5v22H0V3.7L9,2.5z M75,1.6l9,0.9v22h-9V1.6z M99,2.7v21.7h-9V3.8L99,2.7z M114,3.8v20.7l-9-0.5V3.8L114,3.8z&#039;\/%3E%3C\/svg%3E&quot;);\">\n\t\t\t<span class=\"elementor-divider-separator\">\n\t\t\t\t\t\t<\/span>\n\t\t<\/div>\n\t\t\t\t\t\t<\/div>\n\t\t\t\t<\/div>\n\t\t\t\t<div class=\"elementor-element elementor-element-b274c15 elementor-widget elementor-widget-text-editor\" data-id=\"b274c15\" data-element_type=\"widget\" data-e-type=\"widget\" data-widget_type=\"text-editor.default\">\n\t\t\t\t<div class=\"elementor-widget-container\">\n\t\t\t\t\t\t\t\t\t<p><strong>Education: <\/strong>PH.D in Chinese Literature <span style=\"font-size: 14px; color: var( --e-global-color-text );\">, National Central University<\/span><\/p><p><strong>Specializations:\u00a0 <\/strong>Chinese Literature, Taiwanese Literature, Taiwanese Culture, Mandarin Chinese Teaching<\/p><p>\u00a0<\/p>\t\t\t\t\t\t\t\t<\/div>\n\t\t\t\t<\/div>\n\t\t\t\t<section class=\"elementor-section elementor-inner-section elementor-element elementor-element-69a6d63 elementor-section-boxed elementor-section-height-default elementor-section-height-default\" data-id=\"69a6d63\" data-element_type=\"section\" data-e-type=\"section\">\n\t\t\t\t\t\t<div class=\"elementor-container elementor-column-gap-default\">\n\t\t\t\t\t<div class=\"elementor-column elementor-col-50 elementor-inner-column elementor-element elementor-element-6a6aeec\" data-id=\"6a6aeec\" data-element_type=\"column\" data-e-type=\"column\">\n\t\t\t<div class=\"elementor-widget-wrap elementor-element-populated\">\n\t\t\t\t\t\t<div class=\"elementor-element elementor-element-3bd5bf2 elementor-widget elementor-widget-text-editor\" data-id=\"3bd5bf2\" data-element_type=\"widget\" data-e-type=\"widget\" data-widget_type=\"text-editor.default\">\n\t\t\t\t<div class=\"elementor-widget-container\">\n\t\t\t\t\t\t\t\t\t<p><strong>Office:<\/strong> Holistic Education Village 101<\/p><p><strong>Office tel:<\/strong> +886-3-265-6540<\/p>\t\t\t\t\t\t\t\t<\/div>\n\t\t\t\t<\/div>\n\t\t\t\t\t<\/div>\n\t\t<\/div>\n\t\t\t\t<div class=\"elementor-column elementor-col-50 elementor-inner-column elementor-element elementor-element-a725c0e\" data-id=\"a725c0e\" data-element_type=\"column\" data-e-type=\"column\">\n\t\t\t<div class=\"elementor-widget-wrap elementor-element-populated\">\n\t\t\t\t\t\t<div class=\"elementor-element elementor-element-5f21a22 elementor-widget elementor-widget-text-editor\" data-id=\"5f21a22\" data-element_type=\"widget\" data-e-type=\"widget\" data-widget_type=\"text-editor.default\">\n\t\t\t\t<div class=\"elementor-widget-container\">\n\t\t\t\t\t\t\t\t\t<p><strong>Research Room:<\/strong> Holistic Education Village 904<\/p><p><strong>Research Room tel:<\/strong> 6912<\/p>\t\t\t\t\t\t\t\t<\/div>\n\t\t\t\t<\/div>\n\t\t\t\t\t<\/div>\n\t\t<\/div>\n\t\t\t\t\t<\/div>\n\t\t<\/section>\n\t\t\t\t<div class=\"elementor-element elementor-element-e5c2315 elementor-button-info elementor-align-center elementor-widget elementor-widget-button\" data-id=\"e5c2315\" data-element_type=\"widget\" data-e-type=\"widget\" data-widget_type=\"button.default\">\n\t\t\t\t<div class=\"elementor-widget-container\">\n\t\t\t\t\t\t\t\t\t<div class=\"elementor-button-wrapper\">\n\t\t\t\t\t<a class=\"elementor-button elementor-button-link elementor-size-sm elementor-animation-hang\" href=\"https:\/\/itouch.cycu.edu.tw\/active_project\/cycu2500h_01\/paperv3\/list\/NSCstyle.jsp?idcode=12337\">\n\t\t\t\t\t\t<span class=\"elementor-button-content-wrapper\">\n\t\t\t\t\t\t\t\t\t<span class=\"elementor-button-text\">Personal Research<\/span>\n\t\t\t\t\t<\/span>\n\t\t\t\t\t<\/a>\n\t\t\t\t<\/div>\n\t\t\t\t\t\t\t\t<\/div>\n\t\t\t\t<\/div>\n\t\t\t\t\t<\/div>\n\t\t<\/div>\n\t\t\t\t\t<\/div>\n\t\t<\/section>\n\t\t\t\t<\/div>\n\t\t","protected":false},"excerpt":{"rendered":"<p>Chair Li\u00e1ng j\u00f9n gu\u00e0n \u6881\u7ae3\u74d8Chun-Kuan, Liang Associate Prof [&hellip;]<\/p>\n","protected":false},"author":9,"featured_media":0,"parent":0,"menu_order":27,"comment_status":"closed","ping_status":"closed","template":"","meta":{"footnotes":""},"class_list":["post-2607","page","type-page","status-publish","hentry","entry"],"_links":{"self":[{"href":"https:\/\/deptweb.cycu.edu.tw\/fs\/wp-json\/wp\/v2\/pages\/2607","targetHints":{"allow":["GET"]}}],"collection":[{"href":"https:\/\/deptweb.cycu.edu.tw\/fs\/wp-json\/wp\/v2\/pages"}],"about":[{"href":"https:\/\/deptweb.cycu.edu.tw\/fs\/wp-json\/wp\/v2\/types\/page"}],"author":[{"embeddable":true,"href":"https:\/\/deptweb.cycu.edu.tw\/fs\/wp-json\/wp\/v2\/users\/9"}],"replies":[{"embeddable":true,"href":"https:\/\/deptweb.cycu.edu.tw\/fs\/wp-json\/wp\/v2\/comments?post=2607"}],"version-history":[{"count":19,"href":"https:\/\/deptweb.cycu.edu.tw\/fs\/wp-json\/wp\/v2\/pages\/2607\/revisions"}],"predecessor-version":[{"id":5299,"href":"https:\/\/deptweb.cycu.edu.tw\/fs\/wp-json\/wp\/v2\/pages\/2607\/revisions\/5299"}],"wp:attachment":[{"href":"https:\/\/deptweb.cycu.edu.tw\/fs\/wp-json\/wp\/v2\/media?parent=2607"}],"curies":[{"name":"wp","href":"https:\/\/api.w.org\/{rel}","templated":true}]}}